{"id":143,"date":"2025-03-28T19:20:06","date_gmt":"2025-03-29T00:20:06","guid":{"rendered":"https:\/\/conexioneducativa.org\/site\/?page_id=143"},"modified":"2025-10-03T20:44:43","modified_gmt":"2025-10-04T01:44:43","slug":"produccion-de-pares","status":"publish","type":"page","link":"https:\/\/conexioneducativa.org\/site\/produccion-de-pares\/","title":{"rendered":"Licencia de producci\u00f3n de pares"},"content":{"rendered":"\n<h1 class=\"wp-block-heading\">Licencia de Producci\u00f3n de Pares<\/h1>\n\n\n\n<p>La&nbsp;<strong>Licencia de Producci\u00f3n entre Pares<\/strong>&nbsp;es un ejemplo de licencia Copyfarleft con la que \u00fanicamente aquellas personas, cooperativas o entidades sin \u00e1nimo de lucro pueden compartir y reutilizar la obra, pero no se permite el uso lucrativo por parte de entidades comerciales cuyo objetivo sea obtener beneficios econ\u00f3micos de la misma sin una reciprocidad expl\u00edcita hacia el procom\u00fan.<\/p>\n\n\n\n<p>Fundaci\u00f3n Conexi\u00f3n Educativa utiliza esta\u00a0Licencia de Producci\u00f3n de Pares. Aqu\u00ed est\u00e1 el\u00a0<a href=\"https:\/\/endefensadelsl.org\/ppl_deed_es.html\">texto legible para humanos<\/a>\u00a0de la licencia. Si quiere ver el texto completo\u00a0<a href=\"https:\/\/endefensadelsl.org\/ppl_es.html\">puede visitarlo aqu\u00ed<\/a>.<\/p>\n\n\n\n<h3 class=\"wp-block-heading\">Ud. es libre de<\/h3>\n\n\n\n<ul class=\"wp-block-list\">\n<li>Compartir \u2013 copiar, distribuir, ejecutar y comunicar p\u00fablicamente la obra.<\/li>\n\n\n\n<li>Hacer obras derivadas.<\/li>\n<\/ul>\n\n\n\n<h3 class=\"wp-block-heading\">Bajo las condiciones siguientes<\/h3>\n\n\n\n<figure class=\"wp-block-image\"><img decoding=\"async\" src=\"https:\/\/caminandofronteras.org\/wp-content\/uploads\/2020\/08\/by.png\" alt=\"\" class=\"wp-image-4010\" title=\"\"\/><\/figure>\n\n\n\n<p><strong>Atribuci\u00f3n<\/strong>&nbsp;\u2013 Debe reconocer los cr\u00e9ditos de la obra de la manera especificada por el autor o el licenciante (pero no de una manera que sugiera que tiene su apoyo o que apoyan el uso que hace de su obra).<\/p>\n\n\n\n<figure class=\"wp-block-image\"><img decoding=\"async\" src=\"https:\/\/caminandofronteras.org\/wp-content\/uploads\/2020\/08\/sa.png\" alt=\"\" class=\"wp-image-4012\" title=\"\"\/><\/figure>\n\n\n\n<p><strong>Compartir bajo la Misma Licencia<\/strong>&nbsp;\u2013 Si altera o transforma esta obra, o genera una obra derivada, s\u00f3lo puede distribuir la obra generada bajo una licencia id\u00e9ntica a \u00e9sta.<\/p>\n\n\n\n<figure class=\"wp-block-image\"><img decoding=\"async\" src=\"https:\/\/caminandofronteras.org\/wp-content\/uploads\/2020\/08\/nc.png\" alt=\"\" class=\"wp-image-4011\" title=\"\"\/><\/figure>\n\n\n\n<p><strong>No Capitalista<\/strong>&nbsp;\u2013 La explotaci\u00f3n comercial de esta obra s\u00f3lo est\u00e1 permitida a cooperativas, organizaciones y colectivos sin fines de lucro, a organizaciones de trabajadores autogestionados, y donde no existan relaciones de explotaci\u00f3n. Todo excedente o plusval\u00eda obtenidos por el ejercicio de los derechos concedidos por esta Licencia sobre la Obra deben ser distribuidos por y entre los trabajadores.<\/p>\n\n\n\n<h3 class=\"wp-block-heading\">Entendiendo que<\/h3>\n\n\n\n<p><strong>Renuncia<\/strong>&nbsp;\u2013 Alguna de estas condiciones puede no aplicarse si se obtiene el permiso del titular de los derechos de autor.<\/p>\n\n\n\n<p><strong>Dominio P\u00fablico<\/strong>&nbsp;\u2013 Cuando la obra o alguno de sus elementos se halle en el dominio p\u00fablico seg\u00fan la ley vigente aplicable, esta situaci\u00f3n no quedar\u00e1 afectada por la licencia.<\/p>\n\n\n\n<p><strong>Otros derechos<\/strong>&nbsp;\u2013 Los derechos siguientes no quedan afectados por la licencia de ninguna manera:<\/p>\n\n\n\n<ul class=\"wp-block-list\">\n<li>Los derechos derivados de usos leg\u00edtimos u otras limitaciones reconocidas por ley no se ven afectados por lo anterior;<\/li>\n\n\n\n<li>Los derechos morales del autor;<\/li>\n\n\n\n<li>Derechos que pueden ostentar otras personas sobre la propia obra o su uso, como por ejemplo derechos de imagen o de privacidad.<\/li>\n<\/ul>\n\n\n\n<p><strong>Aviso<\/strong>&nbsp;\u2013 Al reutilizar o distribuir la obra, tiene que dejar muy en claro los t\u00e9rminos de la licencia de esta obra. La mejor forma de hacerlo es enlazar a esta p\u00e1gina.<\/p>\n\n\n\n<p><a href=\"https:\/\/caminandofronteras.org\/monitoreo\/monitoreo-del-derecho-a-la-vida-ano-2024\/\"><\/a><\/p>\n","protected":false},"excerpt":{"rendered":"<p>Licencia de Producci\u00f3n de Pares La&nbsp;Licencia de Producci\u00f3n entre Pares&nbsp;es un ejemplo de licencia Copyfarleft con la que \u00fanicamente aquellas personas, cooperativas o entidades sin \u00e1nimo de lucro pueden compartir y reutilizar la obra, pero no se permite el uso lucrativo por parte de entidades comerciales cuyo objetivo sea obtener beneficios econ\u00f3micos de la misma [&hellip;]<\/p>\n","protected":false},"author":1,"featured_media":0,"parent":0,"menu_order":0,"comment_status":"closed","ping_status":"closed","template":"","meta":{"footnotes":""},"class_list":["post-143","page","type-page","status-publish","hentry"],"_links":{"self":[{"href":"https:\/\/conexioneducativa.org\/site\/wp-json\/wp\/v2\/pages\/143","targetHints":{"allow":["GET"]}}],"collection":[{"href":"https:\/\/conexioneducativa.org\/site\/wp-json\/wp\/v2\/pages"}],"about":[{"href":"https:\/\/conexioneducativa.org\/site\/wp-json\/wp\/v2\/types\/page"}],"author":[{"embeddable":true,"href":"https:\/\/conexioneducativa.org\/site\/wp-json\/wp\/v2\/users\/1"}],"replies":[{"embeddable":true,"href":"https:\/\/conexioneducativa.org\/site\/wp-json\/wp\/v2\/comments?post=143"}],"version-history":[{"count":3,"href":"https:\/\/conexioneducativa.org\/site\/wp-json\/wp\/v2\/pages\/143\/revisions"}],"predecessor-version":[{"id":195,"href":"https:\/\/conexioneducativa.org\/site\/wp-json\/wp\/v2\/pages\/143\/revisions\/195"}],"wp:attachment":[{"href":"https:\/\/conexioneducativa.org\/site\/wp-json\/wp\/v2\/media?parent=143"}],"curies":[{"name":"wp","href":"https:\/\/api.w.org\/{rel}","templated":true}]}}