{"id":122,"date":"2025-03-23T19:20:55","date_gmt":"2025-03-24T00:20:55","guid":{"rendered":"https:\/\/conexioneducativa.org\/site\/?page_id=122"},"modified":"2025-09-27T07:05:02","modified_gmt":"2025-09-27T12:05:02","slug":"proyectos","status":"publish","type":"page","link":"https:\/\/conexioneducativa.org\/site\/proyectos\/","title":{"rendered":"Proyectos"},"content":{"rendered":"\n<!-- Projects Section-->\n<section class=\"py-5\">\n    <div class=\"container px-5 mb-5\">\n        <div class=\"text-center mb-5\">\n            <h1 class=\"display-5 fw-bolder mb-0\"><span class=\"text-gradient d-inline\">Proyectos<\/span><\/h1>\n        <\/div>\n        <div class=\"row gx-5 justify-content-center\">\n            <!-- Project Card 1-->\n            <div class=\"col-lg-4 col-md-6 mb-4\">\n                <div class=\"card overflow-hidden shadow rounded-4 border-0 h-100\">\n                    <div class=\"ratio ratio-1x1\">\n                        <img decoding=\"async\" src=\"https:\/\/conexioneducativa.org\/site\/wp-content\/uploads\/2025\/03\/Redcomunitaria.jpg\" class=\"card-img-top object-fit-cover\" alt=\"Red Comunitaria de Internet\" \/>\n                    <\/div>\n                    <div class=\"card-body\">\n                        <h5 class=\"fw-bolder\">Red Comunitaria de Internet<\/h5>\n                        <p>Implementaci\u00f3n de la red comunitaria de internet Guayara &#8211; Ca\u00f1aribamba, Durante la Pandemia de Covid-19<\/p>\n                        <div class=\"small text-muted\"><b>Estado: Finalizado &#8211; A\u00f1o: 2020<\/b><\/div>\n                    <\/div>\n                <\/div>\n            <\/div>\n\n            <!-- Project Card 2-->\n            <div class=\"col-lg-4 col-md-6 mb-4\">\n                <div class=\"card overflow-hidden shadow rounded-4 border-0 h-100\">\n                    <div class=\"ratio ratio-1x1\">\n                        <img decoding=\"async\" src=\"https:\/\/conexioneducativa.org\/site\/wp-content\/uploads\/2025\/03\/autociodado.jpeg\" class=\"card-img-top object-fit-cover\" alt=\"Taller de autocuidado digital\" \/>\n                    <\/div>\n                    <div class=\"card-body\">\n                        <h5 class=\"fw-bolder\">Taller de autocuidado digital<\/h5>\n                        <p>Realizamos talleres de seguridad digital para miembros de organizaciones sociales, comunicadores populares y defensores de derechos humanos y del territorio<\/p>\n                        <div class=\"small text-muted\"><b>Estado: Finalizado &#8211; A\u00f1o: 2021 &#8211; 2022<\/b><\/div>\n                    <\/div>\n                <\/div>\n            <\/div>\n\n            <!-- Project Card 3-->\n            <div class=\"col-lg-4 col-md-6 mb-4\">\n                <div class=\"card overflow-hidden shadow rounded-4 border-0 h-100\">\n                    <div class=\"ratio ratio-1x1\">\n                        <img decoding=\"async\" src=\"https:\/\/conexioneducativa.org\/site\/wp-content\/uploads\/2025\/03\/Tecnologiassociales.jpg\" class=\"card-img-top object-fit-cover\" alt=\"Podcast Tecnolog\u00edas Sociales\" \/>\n                    <\/div>\n                    <div class=\"card-body\">\n                        <h5 class=\"fw-bolder\">Podcast Tecnolog\u00edas Sociales<\/h5>\n                        <p>Investigaci\u00f3n: Experiencias y retos en procesos de acompa\u00f1amiento en seguridad digital a organizaciones sociales y activistas de Latinoam\u00e9rica<\/p>\n                        <div class=\"small text-muted\"><b>Estado: Finalizado &#8211; A\u00f1o: 2022<\/b><\/div>\n                    <\/div>\n                <\/div>\n            <\/div>\n\n            <!-- Project Card 4-->\n            <div class=\"col-lg-4 col-md-6 mb-4\">\n                <div class=\"card overflow-hidden shadow rounded-4 border-0 h-100\">\n                    <div class=\"ratio ratio-1x1\">\n                        <img decoding=\"async\" src=\"https:\/\/conexioneducativa.org\/site\/wp-content\/uploads\/2025\/03\/afromap.png\" class=\"card-img-top object-fit-cover\" alt=\"AfroMap\" \/>\n                    <\/div>\n                    <div class=\"card-body\">\n                        <h5 class=\"fw-bolder\">AfroMap<\/h5>\n                        <p>Mapeo de organizaciones sociales del pueblo Afroecuatoriano<\/p>\n                        <div class=\"small text-muted\"><b>Estado: Continuo desarrollo &#8211; A\u00f1o: 2020<\/b><\/div>\n                    <\/div>\n                <\/div>\n            <\/div>\n\n            <!-- Project Card 5-->\n            <div class=\"col-lg-4 col-md-6 mb-4\">\n                <div class=\"card overflow-hidden shadow rounded-4 border-0 h-100\">\n                    <div class=\"ratio ratio-1x1\">\n                        <img decoding=\"async\" src=\"https:\/\/conexioneducativa.org\/site\/wp-content\/uploads\/2025\/03\/Jaaklac.png\" class=\"card-img-top object-fit-cover\" alt=\"Proyectos con Jaaklac Iniciativa\" \/>\n                    <\/div>\n                    <div class=\"card-body\">\n                        <h5 class=\"fw-bolder\">Proyectos en colaboraci\u00f3n con Jaaklac Iniciativa<\/h5>\n                        <p>Formamos parte de la comunidad de Jaaklac y hemos participado en varios proyectos de educaci\u00f3n digital cr\u00edtica<\/p>\n                        <div class=\"small text-muted\"><b>Estado: Proyectos finalizados, Comunidad Activa &#8211; A\u00f1o: 2022<\/b><\/div>\n                    <\/div>\n                <\/div>\n            <\/div>\n\n            <!-- Project Card 6-->\n            <div class=\"col-lg-4 col-md-6 mb-4\">\n                <div class=\"card overflow-hidden shadow rounded-4 border-0 h-100\">\n                    <div class=\"ratio ratio-1x1\">\n                        <img decoding=\"async\" src=\"https:\/\/conexioneducativa.org\/site\/wp-content\/uploads\/2025\/03\/Acompanamiento.jpg\" class=\"card-img-top object-fit-cover\" alt=\"Acompa\u00f1amiento hol\u00edstico\" \/>\n                    <\/div>\n                    <div class=\"card-body\">\n                        <h5 class=\"fw-bolder\">Acompa\u00f1amiento hol\u00edstico para la prevenci\u00f3n de riesgos digitales y psicosociales<\/h5>\n                        <p>Desde 2023 hemos acompa\u00f1ado a varias organizaciones para mejorar sus pr\u00e1cticas de seguridad y autocuidado digital y psicosocial<\/p>\n                        <div class=\"small text-muted\"><b>Estado: Activo &#8211; A\u00f1o: 2023<\/b><\/div>\n                    <\/div>\n                <\/div>\n            <\/div>\n        <\/div>\n    <\/div>\n<\/section>\n\n","protected":false},"excerpt":{"rendered":"<p>Proyectos Red Comunitaria de Internet Implementaci\u00f3n de la red comunitaria de internet Guayara &#8211; Ca\u00f1aribamba, Durante la Pandemia de Covid-19 Estado: Finalizado &#8211; A\u00f1o: 2020 Taller de autocuidado digital Realizamos talleres de seguridad digital para miembros de organizaciones sociales, comunicadores populares y defensores de derechos humanos y del territorio Estado: Finalizado &#8211; A\u00f1o: 2021 &#8211; [&hellip;]<\/p>\n","protected":false},"author":1,"featured_media":0,"parent":0,"menu_order":0,"comment_status":"closed","ping_status":"closed","template":"","meta":{"footnotes":""},"class_list":["post-122","page","type-page","status-publish","hentry"],"_links":{"self":[{"href":"https:\/\/conexioneducativa.org\/site\/wp-json\/wp\/v2\/pages\/122","targetHints":{"allow":["GET"]}}],"collection":[{"href":"https:\/\/conexioneducativa.org\/site\/wp-json\/wp\/v2\/pages"}],"about":[{"href":"https:\/\/conexioneducativa.org\/site\/wp-json\/wp\/v2\/types\/page"}],"author":[{"embeddable":true,"href":"https:\/\/conexioneducativa.org\/site\/wp-json\/wp\/v2\/users\/1"}],"replies":[{"embeddable":true,"href":"https:\/\/conexioneducativa.org\/site\/wp-json\/wp\/v2\/comments?post=122"}],"version-history":[{"count":6,"href":"https:\/\/conexioneducativa.org\/site\/wp-json\/wp\/v2\/pages\/122\/revisions"}],"predecessor-version":[{"id":190,"href":"https:\/\/conexioneducativa.org\/site\/wp-json\/wp\/v2\/pages\/122\/revisions\/190"}],"wp:attachment":[{"href":"https:\/\/conexioneducativa.org\/site\/wp-json\/wp\/v2\/media?parent=122"}],"curies":[{"name":"wp","href":"https:\/\/api.w.org\/{rel}","templated":true}]}}